{"id":1520,"date":"2019-03-09T08:45:41","date_gmt":"2019-03-09T07:45:41","guid":{"rendered":"https:\/\/www.dreamearly.com\/?page_id=1520"},"modified":"2019-04-03T10:30:41","modified_gmt":"2019-04-03T08:30:41","slug":"mentions","status":"publish","type":"page","link":"https:\/\/www.dreamearly.com\/fr\/mentions\/","title":{"rendered":"Mentions l\u00e9gales"},"content":{"rendered":"<div class=\"fusion-fullwidth fullwidth-box fusion-builder-row-1 nonhundred-percent-fullwidth non-hundred-percent-height-scrolling\" style=\"--awb-border-radius-top-left:0px;--awb-border-radius-top-right:0px;--awb-border-radius-bottom-right:0px;--awb-border-radius-bottom-left:0px;--awb-padding-top:20px;--awb-padding-right:30px;--awb-padding-bottom:20px;--awb-padding-left:30px;--awb-flex-wrap:wrap;\" ><div class=\"fusion-builder-row fusion-row\"><div class=\"fusion-layout-column fusion_builder_column fusion-builder-column-0 fusion_builder_column_1_1 1_1 fusion-one-full fusion-column-first fusion-column-last\" style=\"--awb-bg-size:cover;\"><div class=\"fusion-column-wrapper fusion-flex-column-wrapper-legacy\"><div class=\"fusion-text fusion-text-1\"><h1>MENTIONS L\u00c9GALES<\/h1>\n<\/div><div class=\"fusion-sep-clear\"><\/div><div class=\"fusion-separator fusion-full-width-sep\" style=\"margin-left: auto;margin-right: auto;margin-top:0px;margin-bottom:10px;width:100%;\"><div class=\"fusion-separator-border sep-single sep-dotted\" style=\"--awb-height:20px;--awb-amount:20px;--awb-sep-color:#7c7c7b;border-color:#7c7c7b;border-top-width:1px;\"><\/div><\/div><div class=\"fusion-sep-clear\"><\/div><div class=\"fusion-text fusion-text-2\"><p><b>D\u00e9nomination :<\/b> DREAMEARLY<br \/>\n<strong>Adresse<\/strong> DREAMEARLY, 18 RUE DE VARIZE 75016 PARIS<br \/>\n<strong>SIREN<\/strong> 800 320 772<br \/>\n<b>Activit\u00e9s <\/b>Conseil en syst\u00e8mes et logiciels informatiques (6202A)<br \/>\n<strong>Forme juridique<\/strong> soci\u00e9t\u00e9 par actions simplifi\u00e9e<br \/>\n<strong>Capital social :<\/strong> 20 000,00 \u20ac<\/p>\n<p><strong>\u00a9 Conception graphique :<\/strong>\u00a0Voix Publique<br \/>\n<strong>\u00a9 Photos :<\/strong> Shutterstock<\/p>\n<\/div><div class=\"fusion-clearfix\"><\/div><\/div><\/div><\/div><\/div>\n","protected":false},"excerpt":{"rendered":"","protected":false},"author":1,"featured_media":0,"parent":0,"menu_order":0,"comment_status":"closed","ping_status":"closed","template":"100-width.php","meta":{"_bbp_topic_count":0,"_bbp_reply_count":0,"_bbp_total_topic_count":0,"_bbp_total_reply_count":0,"_bbp_voice_count":0,"_bbp_anonymous_reply_count":0,"_bbp_topic_count_hidden":0,"_bbp_reply_count_hidden":0,"_bbp_forum_subforum_count":0,"footnotes":""},"class_list":["post-1520","page","type-page","status-publish","hentry"],"yoast_head":"<!-- This site is optimized with the Yoast SEO plugin v25.2 - https:\/\/yoast.com\/wordpress\/plugins\/seo\/ -->\n<title>Mentions l\u00e9gales - DREAMEARLY<\/title>\n<meta name=\"robots\" content=\"index, follow, max-snippet:-1, max-image-preview:large, max-video-preview:-1\" \/>\n<link rel=\"canonical\" href=\"https:\/\/www.dreamearly.com\/fr\/mentions\/\" \/>\n<meta property=\"og:locale\" content=\"fr_FR\" \/>\n<meta property=\"og:type\" content=\"article\" \/>\n<meta property=\"og:title\" content=\"Mentions l\u00e9gales - DREAMEARLY\" \/>\n<meta property=\"og:url\" content=\"https:\/\/www.dreamearly.com\/fr\/mentions\/\" \/>\n<meta property=\"og:site_name\" content=\"DREAMEARLY\" \/>\n<meta property=\"article:modified_time\" content=\"2019-04-03T08:30:41+00:00\" \/>\n<meta name=\"twitter:card\" content=\"summary_large_image\" \/>\n<meta name=\"twitter:label1\" content=\"Dur\u00e9e de lecture estim\u00e9e\" \/>\n\t<meta name=\"twitter:data1\" content=\"2 minutes\" \/>\n<script type=\"application\/ld+json\" class=\"yoast-schema-graph\">{\"@context\":\"https:\/\/schema.org\",\"@graph\":[{\"@type\":\"WebPage\",\"@id\":\"https:\/\/www.dreamearly.com\/en\/mentions\/\",\"url\":\"https:\/\/www.dreamearly.com\/en\/mentions\/\",\"name\":\"Mentions l\u00e9gales - DREAMEARLY\",\"isPartOf\":{\"@id\":\"https:\/\/www.dreamearly.com\/fr\/#website\"},\"datePublished\":\"2019-03-09T07:45:41+00:00\",\"dateModified\":\"2019-04-03T08:30:41+00:00\",\"breadcrumb\":{\"@id\":\"https:\/\/www.dreamearly.com\/en\/mentions\/#breadcrumb\"},\"inLanguage\":\"fr-FR\",\"potentialAction\":[{\"@type\":\"ReadAction\",\"target\":[\"https:\/\/www.dreamearly.com\/en\/mentions\/\"]}]},{\"@type\":\"BreadcrumbList\",\"@id\":\"https:\/\/www.dreamearly.com\/en\/mentions\/#breadcrumb\",\"itemListElement\":[{\"@type\":\"ListItem\",\"position\":1,\"name\":\"Accueil\",\"item\":\"https:\/\/www.dreamearly.com\/fr\/\"},{\"@type\":\"ListItem\",\"position\":2,\"name\":\"Mentions l\u00e9gales\"}]},{\"@type\":\"WebSite\",\"@id\":\"https:\/\/www.dreamearly.com\/fr\/#website\",\"url\":\"https:\/\/www.dreamearly.com\/fr\/\",\"name\":\"DREAMEARLY\",\"description\":\"Architecte en technologie h\u00f4teli\u00e8re\",\"potentialAction\":[{\"@type\":\"SearchAction\",\"target\":{\"@type\":\"EntryPoint\",\"urlTemplate\":\"https:\/\/www.dreamearly.com\/fr\/?s={search_term_string}\"},\"query-input\":{\"@type\":\"PropertyValueSpecification\",\"valueRequired\":true,\"valueName\":\"search_term_string\"}}],\"inLanguage\":\"fr-FR\"}]}<\/script>\n<!-- \/ Yoast SEO plugin. -->","yoast_head_json":{"title":"Mentions l\u00e9gales - DREAMEARLY","robots":{"index":"index","follow":"follow","max-snippet":"max-snippet:-1","max-image-preview":"max-image-preview:large","max-video-preview":"max-video-preview:-1"},"canonical":"https:\/\/www.dreamearly.com\/fr\/mentions\/","og_locale":"fr_FR","og_type":"article","og_title":"Mentions l\u00e9gales - DREAMEARLY","og_url":"https:\/\/www.dreamearly.com\/fr\/mentions\/","og_site_name":"DREAMEARLY","article_modified_time":"2019-04-03T08:30:41+00:00","twitter_card":"summary_large_image","twitter_misc":{"Dur\u00e9e de lecture estim\u00e9e":"2 minutes"},"schema":{"@context":"https:\/\/schema.org","@graph":[{"@type":"WebPage","@id":"https:\/\/www.dreamearly.com\/en\/mentions\/","url":"https:\/\/www.dreamearly.com\/en\/mentions\/","name":"Mentions l\u00e9gales - DREAMEARLY","isPartOf":{"@id":"https:\/\/www.dreamearly.com\/fr\/#website"},"datePublished":"2019-03-09T07:45:41+00:00","dateModified":"2019-04-03T08:30:41+00:00","breadcrumb":{"@id":"https:\/\/www.dreamearly.com\/en\/mentions\/#breadcrumb"},"inLanguage":"fr-FR","potentialAction":[{"@type":"ReadAction","target":["https:\/\/www.dreamearly.com\/en\/mentions\/"]}]},{"@type":"BreadcrumbList","@id":"https:\/\/www.dreamearly.com\/en\/mentions\/#breadcrumb","itemListElement":[{"@type":"ListItem","position":1,"name":"Accueil","item":"https:\/\/www.dreamearly.com\/fr\/"},{"@type":"ListItem","position":2,"name":"Mentions l\u00e9gales"}]},{"@type":"WebSite","@id":"https:\/\/www.dreamearly.com\/fr\/#website","url":"https:\/\/www.dreamearly.com\/fr\/","name":"DREAMEARLY","description":"Architecte en technologie h\u00f4teli\u00e8re","potentialAction":[{"@type":"SearchAction","target":{"@type":"EntryPoint","urlTemplate":"https:\/\/www.dreamearly.com\/fr\/?s={search_term_string}"},"query-input":{"@type":"PropertyValueSpecification","valueRequired":true,"valueName":"search_term_string"}}],"inLanguage":"fr-FR"}]}},"_links":{"self":[{"href":"https:\/\/www.dreamearly.com\/fr\/wp-json\/wp\/v2\/pages\/1520","targetHints":{"allow":["GET"]}}],"collection":[{"href":"https:\/\/www.dreamearly.com\/fr\/wp-json\/wp\/v2\/pages"}],"about":[{"href":"https:\/\/www.dreamearly.com\/fr\/wp-json\/wp\/v2\/types\/page"}],"author":[{"embeddable":true,"href":"https:\/\/www.dreamearly.com\/fr\/wp-json\/wp\/v2\/users\/1"}],"replies":[{"embeddable":true,"href":"https:\/\/www.dreamearly.com\/fr\/wp-json\/wp\/v2\/comments?post=1520"}],"version-history":[{"count":7,"href":"https:\/\/www.dreamearly.com\/fr\/wp-json\/wp\/v2\/pages\/1520\/revisions"}],"predecessor-version":[{"id":2117,"href":"https:\/\/www.dreamearly.com\/fr\/wp-json\/wp\/v2\/pages\/1520\/revisions\/2117"}],"wp:attachment":[{"href":"https:\/\/www.dreamearly.com\/fr\/wp-json\/wp\/v2\/media?parent=1520"}],"curies":[{"name":"wp","href":"https:\/\/api.w.org\/{rel}","templated":true}]}}